{"id":235,"date":"2020-10-29T19:39:13","date_gmt":"2020-10-29T19:39:13","guid":{"rendered":"https:\/\/qi52.qodeinteractive.com\/?page_id=235"},"modified":"2023-03-05T10:51:51","modified_gmt":"2023-03-05T09:51:51","slug":"contact","status":"publish","type":"page","link":"http:\/\/htx-logistik.de\/vi\/contact\/","title":{"rendered":"Contact"},"content":{"rendered":"<div data-elementor-type=\"wp-page\" data-elementor-id=\"235\" class=\"elementor elementor-235\">\n\t\t\t\t\t\t\t\t\t<section class=\"elementor-section elementor-top-section elementor-element elementor-element-12207aef elementor-section-full_width elementor-section-height-min-height elementor-section-height-default elementor-section-items-middle qodef-elementor-content-no\" data-id=\"12207aef\" data-element_type=\"section\" data-settings=\"{&quot;background_background&quot;:&quot;classic&quot;}\">\n\t\t\t\t\t\t<div class=\"elementor-container elementor-column-gap-default\">\n\t\t\t\t\t<div class=\"elementor-column elementor-col-100 elementor-top-column elementor-element elementor-element-204f1d4f\" data-id=\"204f1d4f\" data-element_type=\"column\">\n\t\t\t<div class=\"elementor-widget-wrap elementor-element-populated\">\n\t\t\t\t\t\t\t\t<div class=\"elementor-element elementor-element-3c893251 elementor-widget elementor-widget-text-editor\" data-id=\"3c893251\" data-element_type=\"widget\" data-widget_type=\"text-editor.default\">\n\t\t\t\t<div class=\"elementor-widget-container\">\n\t\t\t<style>\/*! elementor - v3.11.1 - 15-02-2023 *\/\n.elementor-widget-text-editor.elementor-drop-cap-view-stacked .elementor-drop-cap{background-color:#818a91;color:#fff}.elementor-widget-text-editor.elementor-drop-cap-view-framed .elementor-drop-cap{color:#818a91;border:3px solid;background-color:transparent}.elementor-widget-text-editor:not(.elementor-drop-cap-view-default) .elementor-drop-cap{margin-top:8px}.elementor-widget-text-editor:not(.elementor-drop-cap-view-default) .elementor-drop-cap-letter{width:1em;height:1em}.elementor-widget-text-editor .elementor-drop-cap{float:left;text-align:center;line-height:1;font-size:50px}.elementor-widget-text-editor .elementor-drop-cap-letter{display:inline-block}<\/style>\t\t\t\t<h1 style=\"text-align: center;\"><span style=\"color: #ffffff;\">Li\u00ean h\u1ec7 v\u1edbi ch\u00fang t\u00f4i<\/span><\/h1>\t\t\t\t\t\t<\/div>\n\t\t\t\t<\/div>\n\t\t\t\t\t<\/div>\n\t\t<\/div>\n\t\t\t\t\t\t\t<\/div>\n\t\t<\/section>\n\t\t\t\t<section class=\"elementor-section elementor-top-section elementor-element elementor-element-1490e96 elementor-section-full_width elementor-section-height-default elementor-section-height-default qodef-elementor-content-no\" data-id=\"1490e96\" data-element_type=\"section\">\n\t\t\t\t\t\t<div class=\"elementor-container elementor-column-gap-default\">\n\t\t\t\t\t<div class=\"elementor-column elementor-col-100 elementor-top-column elementor-element elementor-element-1b5b258\" data-id=\"1b5b258\" data-element_type=\"column\">\n\t\t\t<div class=\"elementor-widget-wrap elementor-element-populated\">\n\t\t\t\t\t\t\t\t<div class=\"elementor-element elementor-element-ac1c674 elementor-widget elementor-widget-qi_addons_for_elementor_text_marquee\" data-id=\"ac1c674\" data-element_type=\"widget\" data-widget_type=\"qi_addons_for_elementor_text_marquee.default\">\n\t\t\t\t<div class=\"elementor-widget-container\">\n\t\t\t<div class=\"qodef-shortcode qodef-m  qodef-qi-text-marquee qodef-layout--default\">\n\t<div class=\"qodef-m-content\">\n\t\t<div class=\"qodef-m-text qodef-text--original\">\n\t\t\t\t\t\t\t<span class=\"qodef-m-text-item elementor-repeater-item-7cd2c38\" >Cargo Logistics<\/span>\n                \t\t\t\t\t<\/div>\n\t\t<div class=\"qodef-m-text qodef-text--copy\">\n\t\t\t\t\t\t\t<span class=\"qodef-m-text-item elementor-repeater-item-7cd2c38\" >Cargo Logistics<\/span>\n                \t\t\t\t\t<\/div>\n\t<\/div>\n<\/div>\n\t\t<\/div>\n\t\t\t\t<\/div>\n\t\t\t\t\t<\/div>\n\t\t<\/div>\n\t\t\t\t\t\t\t<\/div>\n\t\t<\/section>\n\t\t\t\t<section class=\"elementor-section elementor-top-section elementor-element elementor-element-4ee48077 qodef-elementor-content-grid elementor-section-boxed elementor-section-height-default elementor-section-height-default\" data-id=\"4ee48077\" data-element_type=\"section\" data-settings=\"{&quot;background_background&quot;:&quot;classic&quot;}\">\n\t\t\t\t\t\t<div class=\"elementor-container elementor-column-gap-default\">\n\t\t\t\t\t<div class=\"elementor-column elementor-col-33 elementor-top-column elementor-element elementor-element-501a290b\" data-id=\"501a290b\" data-element_type=\"column\">\n\t\t\t<div class=\"elementor-widget-wrap elementor-element-populated\">\n\t\t\t\t\t\t\t\t<div class=\"elementor-element elementor-element-14175c96 elementor-widget elementor-widget-qi_addons_for_elementor_section_title\" data-id=\"14175c96\" data-element_type=\"widget\" data-widget_type=\"qi_addons_for_elementor_section_title.default\">\n\t\t\t\t<div class=\"elementor-widget-container\">\n\t\t\t<div class=\"qodef-shortcode qodef-m  qodef-qi-section-title  qodef-decoration--italic  qodef-link--underline-draw qodef-subtitle-icon--left\">\n\t\t\t\t\t\t<h3 class=\"qodef-m-title translation-block\">Ch\u00fang t\u00f4i lu\u00f4n s\u1eb5n s\u00e0ng ph\u1ee5c v\u1ee5 qu\u00fd kh\u00e1ch!<\/h3>\n\t\t\t<\/div>\n\t\t<\/div>\n\t\t\t\t<\/div>\n\t\t\t\t\t<\/div>\n\t\t<\/div>\n\t\t\t\t<div class=\"elementor-column elementor-col-33 elementor-top-column elementor-element elementor-element-3d6a6934\" data-id=\"3d6a6934\" data-element_type=\"column\">\n\t\t\t<div class=\"elementor-widget-wrap elementor-element-populated\">\n\t\t\t\t\t\t\t\t<div class=\"elementor-element elementor-element-23441890 elementor-widget elementor-widget-text-editor\" data-id=\"23441890\" data-element_type=\"widget\" data-widget_type=\"text-editor.default\">\n\t\t\t\t<div class=\"elementor-widget-container\">\n\t\t\t\t\t\t\t<p>N\u1ebfu qu\u00fd kh\u00e1ch c\u00f3 b\u1ea5t k\u1ef3 c\u00e2u h\u1ecfi n\u00e0o ho\u1eb7c mu\u1ed1n g\u1eb7p g\u1ee1 ch\u00fang t\u00f4i tr\u1ef1c ti\u1ebfp, xin vui l\u00f2ng li\u00ean h\u1ec7 v\u1edbi ch\u00fang t\u00f4i t\u1ea1i:<\/p><p>tuanminh.luong@htx-logistik.de\u00a0 \u00a0 \u00a0ho\u1eb7c<\/p><p>info@htx-logistik.de.<\/p><p>Ch\u00fang t\u00f4i r\u1ea5t mong \u0111\u01b0\u1ee3c nghe t\u1eeb qu\u00fd kh\u00e1ch!<\/p>\t\t\t\t\t\t<\/div>\n\t\t\t\t<\/div>\n\t\t\t\t\t<\/div>\n\t\t<\/div>\n\t\t\t\t<div class=\"elementor-column elementor-col-33 elementor-top-column elementor-element elementor-element-70002d2f\" data-id=\"70002d2f\" data-element_type=\"column\">\n\t\t\t<div class=\"elementor-widget-wrap elementor-element-populated\">\n\t\t\t\t\t\t\t\t<div class=\"elementor-element elementor-element-3a600f33 elementor-widget__width-auto elementor-widget elementor-widget-qi_addons_for_elementor_button\" data-id=\"3a600f33\" data-element_type=\"widget\" data-widget_type=\"qi_addons_for_elementor_button.default\">\n\t\t\t\t<div class=\"elementor-widget-container\">\n\t\t\t<a class=\"qodef-shortcode qodef-m  qodef-qi-button qodef-html--link qodef-layout--outlined qodef-type--standard   qodef-icon--right qodef-hover--icon-move-horizontal-short\" href=\"http:\/\/htx-logistik.de\/vi\/contact\/\" target=\"_self\">\n\t<span class=\"qodef-m-text\">Li\u00ean h\u1ec7 HTX<\/span>\n\t<\/a>\n\t\t<\/div>\n\t\t\t\t<\/div>\n\t\t\t\t\t<\/div>\n\t\t<\/div>\n\t\t\t\t\t\t\t<\/div>\n\t\t<\/section>\n\t\t\t\t<section class=\"elementor-section elementor-top-section elementor-element elementor-element-2bdafb4 qodef-elementor-content-grid elementor-section-boxed elementor-section-height-default elementor-section-height-default\" data-id=\"2bdafb4\" data-element_type=\"section\" data-settings=\"{&quot;background_background&quot;:&quot;classic&quot;}\">\n\t\t\t\t\t\t<div class=\"elementor-container elementor-column-gap-default\">\n\t\t\t\t\t<div class=\"elementor-column elementor-col-66 elementor-top-column elementor-element elementor-element-1023d39\" data-id=\"1023d39\" data-element_type=\"column\">\n\t\t\t<div class=\"elementor-widget-wrap elementor-element-populated\">\n\t\t\t\t\t\t\t\t<div class=\"elementor-element elementor-element-672ad29f elementor-widget elementor-widget-google_maps\" data-id=\"672ad29f\" data-element_type=\"widget\" data-widget_type=\"google_maps.default\">\n\t\t\t\t<div class=\"elementor-widget-container\">\n\t\t\t<style>\/*! elementor - v3.11.1 - 15-02-2023 *\/\n.elementor-widget-google_maps .elementor-widget-container{overflow:hidden}.elementor-widget-google_maps .elementor-custom-embed{line-height:0}.elementor-widget-google_maps iframe{height:300px}<\/style>\t\t<div class=\"elementor-custom-embed\">\n\t\t\t<iframe loading=\"lazy\"\n\t\t\t\t\tsrc=\"https:\/\/maps.google.com\/maps?q=Marzahner%20Str.17%2C%2013053%20Berlin&#038;t=m&#038;z=14&#038;output=embed&#038;iwloc=near\"\n\t\t\t\t\ttitle=\"Marzahner Str.17, 13053 Berlin\"\n\t\t\t\t\taria-label=\"Marzahner Str.17, 13053 Berlin\"\n\t\t\t><\/iframe>\n\t\t<\/div>\n\t\t\t\t<\/div>\n\t\t\t\t<\/div>\n\t\t\t\t\t<\/div>\n\t\t<\/div>\n\t\t\t\t<div class=\"elementor-column elementor-col-33 elementor-top-column elementor-element elementor-element-6a7b3329\" data-id=\"6a7b3329\" data-element_type=\"column\">\n\t\t\t<div class=\"elementor-widget-wrap elementor-element-populated\">\n\t\t\t\t\t\t\t\t<div class=\"elementor-element elementor-element-297bb178 elementor-widget elementor-widget-qi_addons_for_elementor_section_title\" data-id=\"297bb178\" data-element_type=\"widget\" data-widget_type=\"qi_addons_for_elementor_section_title.default\">\n\t\t\t\t<div class=\"elementor-widget-container\">\n\t\t\t<div class=\"qodef-shortcode qodef-m  qodef-qi-section-title  qodef-decoration--italic  qodef-link--underline-draw qodef-subtitle-icon--left\">\n\t\t\t<h2 class=\"qodef-m-title\">\n\t\t\u0110\u1ecba ch\u1ec9\t<\/h2>\n\t\t\t\t<p class=\"qodef-m-subtitle\">\n\t\tB\u1ea1n c\u00f3 th\u1ec3 t\u00ecm th\u1ea5y ch\u00fang t\u00f4i t\u1ea1i c\u00e1c \u0111\u1ecba \u0111i\u1ec3m c\u1ee7a ch\u00fang t\u00f4i t\u1ea1i Vi\u1ec7t Nam v\u00e0 \u0110\u1ee9c.\t\t\t<\/p>\n\t\t\t<div class=\"qodef-m-text\"><p class=\" translation-block\">\u0110\u1ecba ch\u1ec9 c\u1ee7a ch\u00fang t\u00f4i t\u1ea1i Vi\u1ec7t Nam l\u00e0: 109 T\u00e2n Mai - Ho\u00e0ng Mai - H\u00e0 N\u1ed9i, \u0110i\u1ec7n tho\u1ea1i: 0969443098 (anh Minh) \/ 0384020538 (ch\u1ecb Thanh) \/ 0944822391 (ch\u1ecb Lan).\n\n\u1ede \u0110\u1ee9c, qu\u00fd kh\u00e1ch c\u00f3 th\u1ec3 t\u00ecm th\u1ea5y ch\u00fang t\u00f4i t\u1ea1i tr\u1ee5 s\u1edf c\u00f4ng ty Kurze Geismar Str.17, 37073 G\u00f6ttingen v\u00e0 kho h\u00e0ng Marzahner Str.17, Ph\u00f2ng D2 \/ C11, 13053 Berlin.\n\nQu\u00fd kh\u00e1ch c\u0169ng c\u00f3 th\u1ec3 li\u00ean h\u1ec7 v\u1edbi ch\u00fang t\u00f4i qua \u0111i\u1ec7n tho\u1ea1i theo s\u1ed1: +49 17662360060 (anh Minh) v\u00e0 +49 17685538888 (anh Vi\u1ec7t).<\/p><\/div>\n\t\t<div class=\"qodef-m-button qodef-qi-clear\">\n\t\t<a class=\"qodef-shortcode qodef-m  qodef-qi-button qodef-html--link qodef-layout--filled qodef-type--standard   qodef-icon--right qodef-hover--icon-move-horizontal-short\" href=\"http:\/\/htx-logistik.de\/vi\/contact\/\" target=\"_self\">\t<span class=\"qodef-m-text\">Li\u00ean h\u1ec7 v\u1edbi ch\u00fang t\u00f4i<\/span>\t<\/a>\t<\/div>\n<\/div>\n\t\t<\/div>\n\t\t\t\t<\/div>\n\t\t\t\t\t<\/div>\n\t\t<\/div>\n\t\t\t\t\t\t\t<\/div>\n\t\t<\/section>\n\t\t\t\t<section class=\"elementor-section elementor-top-section elementor-element elementor-element-38d401d qodef-elementor-content-grid elementor-section-boxed elementor-section-height-default elementor-section-height-default\" data-id=\"38d401d\" data-element_type=\"section\" data-settings=\"{&quot;background_background&quot;:&quot;classic&quot;}\">\n\t\t\t\t\t\t<div class=\"elementor-container elementor-column-gap-default\">\n\t\t\t\t\t<div class=\"elementor-column elementor-col-50 elementor-top-column elementor-element elementor-element-43e5ad0\" data-id=\"43e5ad0\" data-element_type=\"column\">\n\t\t\t<div class=\"elementor-widget-wrap elementor-element-populated\">\n\t\t\t\t\t\t\t\t<div class=\"elementor-element elementor-element-ca580b6 elementor-widget elementor-widget-qi_addons_for_elementor_section_title\" data-id=\"ca580b6\" data-element_type=\"widget\" data-widget_type=\"qi_addons_for_elementor_section_title.default\">\n\t\t\t\t<div class=\"elementor-widget-container\">\n\t\t\t<div class=\"qodef-shortcode qodef-m  qodef-qi-section-title  qodef-decoration--italic  qodef-link--underline-draw qodef-subtitle-icon--left\">\n\t\t\t<h2 class=\"qodef-m-title\">\n\t\tG\u1eedi y\u00eau c\u1ea7u c\u1ee7a b\u1ea1n\t<\/h2>\n\t\t\t\t<p class=\"qodef-m-subtitle\">\n\t\tqua m\u1eabu b\u00ean c\u1ea1nh, ch\u00fang t\u00f4i s\u1ebd ph\u1ea3n h\u1ed3i s\u1edbm nh\u1ea5t\t\t\t<\/p>\n\t\t\t<div class=\"qodef-m-text\"><p><span style=\"font-weight: 400\">C\u00e1c d\u1ecbch v\u1ee5 c\u1ee7a ch\u00fang t\u00f4i bao g\u1ed3m v\u1eadn chuy\u1ec3n h\u00e0ng kh\u00f4ng, v\u1eadn chuy\u1ec3n h\u00e0ng h\u1ea3i qu\u1ed1c t\u1ebf c\u00f9ng v\u1edbi v\u1eadn chuy\u1ec3n h\u00e0ng h\u00f3a trong l\u0129nh v\u1ef1c th\u01b0\u01a1ng m\u1ea1i \u0111i\u1ec7n t\u1eed. Ch\u00fang t\u00f4i lu\u00f4n cung c\u1ea5p cho kh\u00e1ch h\u00e0ng ch\u1ea5t l\u01b0\u1ee3ng d\u1ecbch v\u1ee5 t\u1ed1t nh\u1ea5t v\u00e0 s\u1eb5n s\u00e0ng t\u00ecm ki\u1ebfm nh\u1eefng gi\u1ea3i ph\u00e1p ph\u00f9 h\u1ee3p nh\u1ea5t cho kh\u00e1ch h\u00e0ng.<\/span><\/p><\/div>\n\t<\/div>\n\t\t<\/div>\n\t\t\t\t<\/div>\n\t\t\t\t\t<\/div>\n\t\t<\/div>\n\t\t\t\t<div class=\"elementor-column elementor-col-50 elementor-top-column elementor-element elementor-element-5e991da\" data-id=\"5e991da\" data-element_type=\"column\">\n\t\t\t<div class=\"elementor-widget-wrap elementor-element-populated\">\n\t\t\t\t\t\t\t\t<div class=\"elementor-element elementor-element-e85034f elementor-widget elementor-widget-qi_addons_for_elementor_contact_form_7\" data-id=\"e85034f\" data-element_type=\"widget\" data-widget_type=\"qi_addons_for_elementor_contact_form_7.default\">\n\t\t\t\t<div class=\"elementor-widget-container\">\n\t\t\t<div class=\"qodef-shortcode qodef-m  qodef-qi-contact-form-7\">\n\t\n<div class=\"wpcf7 no-js\" id=\"wpcf7-f1215-o1\" lang=\"en-US\" dir=\"ltr\">\n<div class=\"screen-reader-response\"><p role=\"status\" aria-live=\"polite\" aria-atomic=\"true\"><\/p> <ul><\/ul><\/div>\n<form action=\"\/vi\/wp-json\/wp\/v2\/pages\/235#wpcf7-f1215-o1\" method=\"post\" class=\"wpcf7-form init\" aria-label=\"Contact form\" novalidate=\"novalidate\" data-status=\"init\" data-trp-original-action=\"\/vi\/wp-json\/wp\/v2\/pages\/235#wpcf7-f1215-o1\">\n<div style=\"display: none;\">\n<input type=\"hidden\" name=\"_wpcf7\" value=\"1215\" \/>\n<input type=\"hidden\" name=\"_wpcf7_version\" value=\"5.7.4\" \/>\n<input type=\"hidden\" name=\"_wpcf7_locale\" value=\"en_US\" \/>\n<input type=\"hidden\" name=\"_wpcf7_unit_tag\" value=\"wpcf7-f1215-o1\" \/>\n<input type=\"hidden\" name=\"_wpcf7_container_post\" value=\"0\" \/>\n<input type=\"hidden\" name=\"_wpcf7_posted_data_hash\" value=\"\" \/>\n<\/div>\n<span class=\"wpcf7-form-control-wrap\" data-name=\"your-name\"><input size=\"40\" class=\"wpcf7-form-control wpcf7-text wpcf7-validates-as-required\" aria-required=\"true\" aria-invalid=\"false\" placeholder=\"T\u00ean\" value=\"\" type=\"text\" name=\"your-name\" \/><\/span>\n\n<span class=\"wpcf7-form-control-wrap\" data-name=\"your-email\"><input size=\"40\" class=\"wpcf7-form-control wpcf7-text wpcf7-email wpcf7-validates-as-required wpcf7-validates-as-email\" aria-required=\"true\" aria-invalid=\"false\" placeholder=\"\u0110\u1ecba ch\u1ec9 email\" value=\"\" type=\"email\" name=\"your-email\" \/><\/span>\n\n<span class=\"wpcf7-form-control-wrap\" data-name=\"your-tel\"><input size=\"40\" class=\"wpcf7-form-control wpcf7-text wpcf7-tel wpcf7-validates-as-required wpcf7-validates-as-tel\" aria-required=\"true\" aria-invalid=\"false\" placeholder=\"S\u1ed1 \u0111i\u1ec7n tho\u1ea1i\" value=\"\" type=\"tel\" name=\"your-tel\" \/><\/span>\n\n<span class=\"wpcf7-form-control-wrap\" data-name=\"your-message\"><textarea cols=\"40\" rows=\"3\" class=\"wpcf7-form-control wpcf7-textarea\" aria-invalid=\"false\" placeholder=\"Tin nh\u1eafn\" name=\"your-message\"><\/textarea><\/span>\n\n<input class=\"wpcf7-form-control has-spinner wpcf7-submit\" type=\"submit\" value=\"G\u1eedi \u0111i\" \/><div class=\"wpcf7-response-output\" aria-hidden=\"true\"><\/div>\n<input type=\"hidden\" name=\"trp-form-language\" value=\"vi\"\/><\/form>\n<\/div>\n<\/div>\n\t\t<\/div>\n\t\t\t\t<\/div>\n\t\t\t\t\t<\/div>\n\t\t<\/div>\n\t\t\t\t\t\t\t<\/div>\n\t\t<\/section>\n\t\t\t\t\t\t\t<\/div>","protected":false},"excerpt":{"rendered":"<p>CONTACT Cargo Logistics Cargo Logistics Wir sind f\u00fcr sie da! Wenn Sie weitere Fragen haben oder uns pers\u00f6nlich kennenlernen m\u00f6chten, kontaktieren Sie uns gerne unter tuanminh.luong@htx-logistik.de\u00a0 \u00a0 \u00a0oder info@htx-logistik.de. Wir freuen uns darauf, von Ihnen zu h\u00f6ren! Jetzt kontaktieren Standorte Sie finden uns an unseren Standorten in Vietnam und Deutschland Unsere Adresse in Vietnam lautet: [&hellip;]<\/p>","protected":false},"author":1,"featured_media":0,"parent":0,"menu_order":0,"comment_status":"closed","ping_status":"closed","template":"qi-full-width.php","meta":{"content-type":"","footnotes":""},"class_list":["post-235","page","type-page","status-publish","hentry"],"_links":{"self":[{"href":"http:\/\/htx-logistik.de\/vi\/wp-json\/wp\/v2\/pages\/235","targetHints":{"allow":["GET"]}}],"collection":[{"href":"http:\/\/htx-logistik.de\/vi\/wp-json\/wp\/v2\/pages"}],"about":[{"href":"http:\/\/htx-logistik.de\/vi\/wp-json\/wp\/v2\/types\/page"}],"author":[{"embeddable":true,"href":"http:\/\/htx-logistik.de\/vi\/wp-json\/wp\/v2\/users\/1"}],"replies":[{"embeddable":true,"href":"http:\/\/htx-logistik.de\/vi\/wp-json\/wp\/v2\/comments?post=235"}],"version-history":[{"count":10,"href":"http:\/\/htx-logistik.de\/vi\/wp-json\/wp\/v2\/pages\/235\/revisions"}],"predecessor-version":[{"id":1462,"href":"http:\/\/htx-logistik.de\/vi\/wp-json\/wp\/v2\/pages\/235\/revisions\/1462"}],"wp:attachment":[{"href":"http:\/\/htx-logistik.de\/vi\/wp-json\/wp\/v2\/media?parent=235"}],"curies":[{"name":"wp","href":"https:\/\/api.w.org\/{rel}","templated":true}]}}